{"id":153,"date":"2019-10-30T15:24:48","date_gmt":"2019-10-30T14:24:48","guid":{"rendered":"https:\/\/www.maquettesite.agency\/?page_id=153"},"modified":"2019-11-07T12:42:51","modified_gmt":"2019-11-07T11:42:51","slug":"mentions-legales","status":"publish","type":"page","link":"https:\/\/saint-ser.com\/en\/mentions-legales\/","title":{"rendered":"MENTIONS LEGALES"},"content":{"rendered":"<p>[et_pb_section fb_built=\u00a0\u00bb1&Prime; _builder_version=\u00a0\u00bb4.0.4&Prime;][et_pb_row _builder_version=\u00a0\u00bb4.0.4&Prime;][et_pb_column type=\u00a0\u00bb4_4&Prime; _builder_version=\u00a0\u00bb4.0.4&Prime;][et_pb_text _builder_version=\u00a0\u00bb4.0.4&Prime; header_font=\u00a0\u00bbCOCHIN|||on|||||\u00a0\u00bb header_letter_spacing=\u00a0\u00bb1px\u00a0\u00bb]<\/p>\n<h1>Mentions L\u00e9gales<\/h1>\n<p>[\/et_pb_text][\/et_pb_column][\/et_pb_row][et_pb_row _builder_version=\u00a0\u00bb4.0.4&Prime; custom_padding=\u00a0\u00bb0px|||||\u00a0\u00bb][et_pb_column type=\u00a0\u00bb4_4&Prime; _builder_version=\u00a0\u00bb4.0.4&Prime;][et_pb_text _builder_version=\u00a0\u00bb4.0.4&Prime;]<\/p>\n<p>Merci de lire attentivement les mentions d\u2019utilisation du pr\u00e9sent site avant de le parcourir. En vous connectant sur ce site, vous acceptez sans r\u00e9serve les pr\u00e9sentes modalit\u00e9s.<\/p>\n<h5>\u00c9DITEUR DU SITE<\/h5>\n<p>Domaine de Saint-Ser<\/p>\n<p>Adresse du si\u00e8ge: Avenue C\u00e9zanne, 13114 Puyloubier<\/p>\n<p>Num\u00e9ro SIRET\u00a0<span>34225461200019<\/span><br \/>Num\u00e9ro SIREN 342 254 612<\/p>\n<p>H\u00c9BERGEUR<\/p>\n<p>PlanetHoster France<br \/>Centres de donn\u00e9es hautement s\u00e9curis\u00e9s situ\u00e9 \u00e0 Paris<br \/>H\u00e9bergeurs agr\u00e9\u00e9s par l\u2019agence Fran\u00e7aise de la sant\u00e9 num\u00e9rique.<\/p>\n<figure class=\"wp-block-image is-resized\"><img loading=\"lazy\" decoding=\"async\" src=\"https:\/\/www.maquettesite.xyz\/wp-content\/uploads\/2019\/10\/logo-asip.png\" alt=\"\" class=\"wp-image-54469\" width=\"111\" height=\"43\" srcset=\"https:\/\/www.only-trend.fr\/wp-content\/uploads\/2019\/10\/logo-asip.png 287w, https:\/\/www.only-trend.fr\/wp-content\/uploads\/2019\/10\/logo-asip-123x48.png 123w\" sizes=\"(max-width: 111px) 100vw, 111px\" \/><\/figure>\n<h5>PROPRI\u00c9T\u00c9 INTELLECTUELLE<\/h5>\n<p>Tout le contenu du pr\u00e9sent site, incluant, de fa\u00e7on non limitative, les graphismes, images, textes, vid\u00e9os, animations, sons, logos, et ic\u00f4nes ainsi que leur mise en forme sont la propri\u00e9t\u00e9 exclusive de la soci\u00e9t\u00e9\u00a0<span>DOMAINE DE SAINT SER<\/span> \u00e0 l\u2019exception des marques, logos ou contenus appartenant \u00e0 d\u2019autres soci\u00e9t\u00e9s partenaires ou auteurs.<\/p>\n<p>Toute reproduction, distribution, modification, adaptation, retransmission ou publication, m\u00eame partielle, de ces diff\u00e9rents \u00e9l\u00e9ments est strictement interdite sans l\u2019accord expr\u00e8s par \u00e9crit de la soci\u00e9t\u00e9\u00a0<span>DOMAINE DE SAINT SER<\/span> . Cette repr\u00e9sentation ou reproduction, par quelque proc\u00e9d\u00e9 que ce soit, constitue une contrefa\u00e7on sanctionn\u00e9e par les articles L335-2 et suivants du Code de la propri\u00e9t\u00e9 intellectuelle. En outre, le non-respect de cette interdiction constitue une contrefa\u00e7on pouvant engager la responsabilit\u00e9 civile et p\u00e9nale du contrefacteur.<\/p>\n<h5>D\u00c9CLARATION \u00c0 LA CNIL<\/h5>\n<p>Conform\u00e9ment \u00e0 la loi 78-17 du 6 janvier 1978 (modifi\u00e9e par la loi 2004-801 du 6 ao\u00fbt 2004 relative \u00e0 la protection des personnes physiques \u00e0 l\u2019\u00e9gard des traitements de donn\u00e9es \u00e0 caract\u00e8re personnel) relative \u00e0 l\u2019informatique, aux fichiers et aux libert\u00e9s, le site a fait l\u2019objet d\u2019une d\u00e9claration aupr\u00e8s de la Commission nationale de l\u2019informatique et des libert\u00e9s (www.cnil.fr)<\/p>\n<h5>DONNEES PERSONNELLES<\/h5>\n<p>Conform\u00e9ment \u00e0 la loi \u00ab Informatique et Libert\u00e9s \u00bb N\u00b0 78-17 du 6 Janvier 1978, vous b\u00e9n\u00e9ficiez d\u2019un droit d\u2019acc\u00e8s, de rectification et d\u2019opposition que vous pouvez exercer en vous adressant \u00e0<span>\u00a0<\/span>contact@saint-ser.fr, ou par courrier accompagn\u00e9 d\u2019une copie d\u2019une pi\u00e8ce d\u2019identit\u00e9 \u00e0 l\u2019adresse suivante :\u00a0<span>DOMAINE DE SAINT SER<\/span> \u2013 Service client\u00e8le \u2013 Avenue C\u00e9zanne, 13114 Puyloubier. Votre demande sera trait\u00e9e dans un d\u00e9lai maximum de deux mois suivant la r\u00e9ception.<br \/>1. Les donn\u00e9es personnelles peuvent notamment \u00eatre collect\u00e9es lors d\u2019un appel t\u00e9l\u00e9phonique, de l\u2019envoi d\u2019un message \u00e9lectronique \u00e0 l\u2019un de nos services, de l\u2019envoi d\u2019un formulaire de demande de devis en ligne, lors de la connexion au Site \u00e0 la rebique recrutement.<br \/>2. Finalit\u00e9s \u2013 Les donn\u00e9es personnelles sont recueillies :<br \/>\u2022 soit lorsque vous les renseignez dans un formulaire de demande de devis en ligne;<br \/>\u2022 soit lors d\u2019un appel t\u00e9l\u00e9phonique, \u00e0 votre initiative ;<br \/>\u2022 soit pour le traitement des commandes et de la facturations ;<br \/>\u2022 soit pour le recrutement, lorsque vous les renseignez dans le formulaire en ligne.<br \/>Nous ne collectons pas vos donn\u00e9es personnelles sans avoir recueilli votre accord.<br \/>\u00a0<span>DOMAINE DE SAINT SER<\/span> s\u2019engage \u00e0 respecter les principes du r\u00e8glement n\u00b02016\/679, dit r\u00e8glement g\u00e9n\u00e9ral pour la protection des donn\u00e9es (RGPD).<br \/>3. Destinataires \u2013 Vos donn\u00e9es collect\u00e9es que vous nous communiquez, n\u00e9cessaire pour r\u00e9pondre \u00e0 votre demande, sont destin\u00e9es \u00e0\u00a0<span>DOMAINE DE SAINT SER<\/span> , responsable de traitement, \u00e0 des fins de gestion administrative et commerciale. Les informations vous concernant resteront internes \u00e0\u00a0<span>DOMAINE DE SAINT SER<\/span> .<br \/>4. S\u00e9curit\u00e9 \u2013 Vous \u00eates inform\u00e9s que vos donn\u00e9es pourront \u00eatre divulgu\u00e9es en application d\u2019une loi, d\u2019un r\u00e8glement ou en vertu d\u2019une d\u00e9cision d\u2019une autorit\u00e9 r\u00e9glementaire ou judiciaire comp\u00e9tente ou encore, si cela s\u2019av\u00e8re n\u00e9cessaire, aux fins, pour\u00a0<span>DOMAINE DE SAINT SER<\/span>, de pr\u00e9server ses droits et int\u00e9r\u00eats.<br \/>5. Dur\u00e9e de conservation des donn\u00e9es \u2013 Les donn\u00e9es sont conserv\u00e9es pour la dur\u00e9e strictement n\u00e9cessaire \u00e0 la r\u00e9alisation des finalit\u00e9s vis\u00e9es ci-avant. Au-del\u00e0 de cette dur\u00e9e, elles seront archiv\u00e9es et conserv\u00e9es pour pouvoir r\u00e9pondre aux obligations l\u00e9gales et r\u00e8glementaires et ne donneront lieu \u00e0 aucune exploitation, de quelque nature que ce soit.<\/p>\n<h5>LIMITATION DE RESPONSABILIT\u00c9<\/h5>\n<p>Les informations contenues sur ce site sont aussi pr\u00e9cises que possibles et le site est p\u00e9riodiquement remis \u00e0 jour, mais peut toutefois contenir des inexactitudes, des omissions ou des lacunes. Si vous constatez une lacune, erreur ou ce qui parait \u00eatre un dysfonctionnement, merci de bien vouloir le signaler par email en d\u00e9crivant le probl\u00e8me de la mani\u00e8re la plus pr\u00e9cise possible (page posant probl\u00e8me, action d\u00e9clenchante, type d\u2019ordinateur et de navigateur utilis\u00e9, \u2026).<\/p>\n<p>En aucun cas, la soci\u00e9t\u00e9\u00a0<span>DOMAINE DE SAINT SER<\/span>\u00a0ne saurait \u00eatre tenu responsable d\u2019un quelconque dommage subi par l\u2019ordinateur de l\u2019utilisateur ou d\u2019une quelconque perte de donn\u00e9es cons\u00e9cutives \u00e0 la consultation ou de l\u2019utilisation du Site.<br \/>Les photos sont non contractuelles.<br \/>Les liens hypertextes mis en place dans le cadre du pr\u00e9sent site internet en direction d\u2019autres ressources pr\u00e9sentes sur le r\u00e9seau Internet ne sauraient engager la responsabilit\u00e9 de\u00a0<span>DOMAINE DE SAINT SER<\/span>.<\/p>\n<h5>LIENS HYPERTEXTES<\/h5>\n<p>Le sites internet de\u00a0<span>DOMAINE DE SAINT SER<\/span> peuvent offrir des liens vers d\u2019autres sites internet ou d\u2019autres ressources disponibles sur Internet.\u00a0<span>DOMAINE DE SAINT SER<\/span> ne dispose d\u2019aucun moyen pour contr\u00f4ler les sites en connexion avec ses sites internet.<br \/>La soci\u00e9t\u00e9\u00a0<span>DOMAINE DE SAINT SER<\/span> ne r\u00e9pond pas de la disponibilit\u00e9 de tels sites et sources externes, ni ne la garantit. Elle ne peut \u00eatre tenue pour responsable de tout dommage, de quelque nature que ce soit, r\u00e9sultant du contenu de ces sites ou sources externes, et notamment des informations, produits ou services qu\u2019ils proposent, ou de tout usage qui peut \u00eatre fait de ces \u00e9l\u00e9ments.<br \/>Les risques li\u00e9s \u00e0 cette utilisation incombent pleinement \u00e0 l\u2019internaute, qui doit se conformer \u00e0 leurs conditions d\u2019utilisation.<\/p>\n<p>Les visiteurs et les utilisateurs du site internet de\u00a0<span>DOMAINE DE SAINT SER<\/span> ne peuvent mettre en place un hyperlien en direction de ce site sans l\u2019autorisation \u00e9crite et pr\u00e9alable donn\u00e9 par\u00a0<span>DOMAINE DE SAINT SER<\/span> . Cette derni\u00e8re se r\u00e9serve le droit d\u2019accepter ou de refuser un hyperlien sans avoir \u00e0 en justifier sa d\u00e9cision.<\/p>\n<p>Par ailleurs, la mise en forme de ce site a n\u00e9cessit\u00e9 le recours \u00e0 des sources externes (conception : Agence Y2 \u2013 435 all\u00e9e Fran\u00e7ois Aubrun \u2013 13100 Aix en Provence) dont nous avons acquis les droits.<\/p>\n<p>[\/et_pb_text][\/et_pb_column][\/et_pb_row][\/et_pb_section]<\/p>\n","protected":false},"excerpt":{"rendered":"<p>Mentions L\u00e9galesMerci de lire attentivement les mentions d\u2019utilisation du pr\u00e9sent site avant de le parcourir. En vous connectant sur ce site, vous acceptez sans r\u00e9serve les pr\u00e9sentes modalit\u00e9s. \u00c9DITEUR DU SITE Domaine de Saint-Ser Adresse du si\u00e8ge: Avenue C\u00e9zanne, 13114 Puyloubier Num\u00e9ro SIRET\u00a034225461200019Num\u00e9ro SIREN 342 254 612 H\u00c9BERGEUR PlanetHoster FranceCentres de donn\u00e9es hautement s\u00e9curis\u00e9s situ\u00e9 [&hellip;]<\/p>\n","protected":false},"author":114,"featured_media":0,"parent":0,"menu_order":0,"comment_status":"closed","ping_status":"closed","template":"","meta":{"_et_pb_use_builder":"on","_et_pb_old_content":"<!-- wp:divi\/placeholder \/-->","_et_gb_content_width":"","footnotes":""},"class_list":["post-153","page","type-page","status-publish","hentry"],"jetpack_sharing_enabled":true,"_links":{"self":[{"href":"https:\/\/saint-ser.com\/en\/wp-json\/wp\/v2\/pages\/153","targetHints":{"allow":["GET"]}}],"collection":[{"href":"https:\/\/saint-ser.com\/en\/wp-json\/wp\/v2\/pages"}],"about":[{"href":"https:\/\/saint-ser.com\/en\/wp-json\/wp\/v2\/types\/page"}],"author":[{"embeddable":true,"href":"https:\/\/saint-ser.com\/en\/wp-json\/wp\/v2\/users\/114"}],"replies":[{"embeddable":true,"href":"https:\/\/saint-ser.com\/en\/wp-json\/wp\/v2\/comments?post=153"}],"version-history":[{"count":5,"href":"https:\/\/saint-ser.com\/en\/wp-json\/wp\/v2\/pages\/153\/revisions"}],"predecessor-version":[{"id":837,"href":"https:\/\/saint-ser.com\/en\/wp-json\/wp\/v2\/pages\/153\/revisions\/837"}],"wp:attachment":[{"href":"https:\/\/saint-ser.com\/en\/wp-json\/wp\/v2\/media?parent=153"}],"curies":[{"name":"wp","href":"https:\/\/api.w.org\/{rel}","templated":true}]}}