{"id":17,"date":"2019-10-30T10:01:00","date_gmt":"2019-10-30T09:01:00","guid":{"rendered":"https:\/\/www.maquettesite.agency\/?page_id=17"},"modified":"2020-01-13T13:49:26","modified_gmt":"2020-01-13T12:49:26","slug":"accueil","status":"publish","type":"page","link":"https:\/\/saint-ser.com\/en\/","title":{"rendered":"Home"},"content":{"rendered":"<p>[et_pb_section fb_built=\u00a0\u00bb1&Prime; _builder_version=\u00a0\u00bb4.0.4&Prime; custom_padding=\u00a0\u00bb0px||0px|||\u00a0\u00bb][et_pb_row _builder_version=\u00a0\u00bb4.0.4&Prime; width=\u00a0\u00bb100%\u00a0\u00bb max_width=\u00a0\u00bb2560px\u00a0\u00bb module_alignment=\u00a0\u00bbcenter\u00a0\u00bb custom_padding=\u00a0\u00bb0px||0px|||\u00a0\u00bb][et_pb_column type=\u00a0\u00bb4_4&Prime; _builder_version=\u00a0\u00bb4.0.4&Prime;][et_pb_image src=\u00a0\u00bbhttps:\/\/saint-ser.com\/wp-content\/uploads\/2020\/01\/vueslide-1.jpg\u00a0\u00bb align=\u00a0\u00bbcenter\u00a0\u00bb _builder_version=\u00a0\u00bb4.0.4&Prime; custom_padding=\u00a0\u00bb0px|||||\u00a0\u00bb hover_enabled=\u00a0\u00bb0&Prime;][\/et_pb_image][et_pb_text disabled_on=\u00a0\u00bbon|on|off\u00a0\u00bb module_class=\u00a0\u00bbtitreaccueil\u00a0\u00bb _builder_version=\u00a0\u00bb4.0.4&Prime; header_font=\u00a0\u00bbCOCHIN|||on|||||\u00a0\u00bb header_text_align=\u00a0\u00bbcenter\u00a0\u00bb header_text_color=\u00a0\u00bb#555d68&Prime; header_letter_spacing=\u00a0\u00bb1px\u00a0\u00bb header_5_font=\u00a0\u00bbit|500|||||||\u00a0\u00bb header_5_text_align=\u00a0\u00bbcenter\u00a0\u00bb header_5_text_color=\u00a0\u00bb#555d68&Prime; custom_margin=\u00a0\u00bb-170px|270px|||false|false\u00a0\u00bb custom_margin_tablet=\u00a0\u00bb-133px||||false|false\u00a0\u00bb custom_margin_phone=\u00a0\u00bb\u00a0\u00bb custom_margin_last_edited=\u00a0\u00bbon|tablet\u00a0\u00bb custom_padding=\u00a0\u00bb29px|||||\u00a0\u00bb]<\/p>\n<h1>Viticulture biodynamique<\/h1>\n<h5>Au plus pr\u00e8s du terroir<\/h5>\n<p>[\/et_pb_text][\/et_pb_column][\/et_pb_row][et_pb_row disabled_on=\u00a0\u00bboff|off|off\u00a0\u00bb module_class=\u00a0\u00bbtitreaccueilmobile\u00a0\u00bb _builder_version=\u00a0\u00bb4.0.4&Prime; custom_margin=\u00a0\u00bb-7px|auto||auto||\u00a0\u00bb custom_padding=\u00a0\u00bb0px||0px|||\u00a0\u00bb][et_pb_column type=\u00a0\u00bb4_4&Prime; _builder_version=\u00a0\u00bb4.0.4&Prime;][et_pb_text disabled_on=\u00a0\u00bboff|off|off\u00a0\u00bb _builder_version=\u00a0\u00bb4.0.4&Prime; header_font=\u00a0\u00bbCOCHIN|||on|||||\u00a0\u00bb header_text_align=\u00a0\u00bbcenter\u00a0\u00bb header_text_color=\u00a0\u00bb#555d68&Prime; header_letter_spacing=\u00a0\u00bb1px\u00a0\u00bb header_5_font=\u00a0\u00bbit|500|||||||\u00a0\u00bb header_5_text_align=\u00a0\u00bbcenter\u00a0\u00bb header_5_text_color=\u00a0\u00bb#555d68&Prime; custom_margin=\u00a0\u00bb1px||||false|false\u00a0\u00bb custom_padding=\u00a0\u00bb0px||0px||false|false\u00a0\u00bb]<\/p>\n<h1>Viticulture biodynamique<\/h1>\n<h5 style=\"font-family: font92337\">Au plus proche du terroir<\/h5>\n<p>[\/et_pb_text][\/et_pb_column][\/et_pb_row][\/et_pb_section][et_pb_section fb_built=\u00a0\u00bb1&Prime; _builder_version=\u00a0\u00bb4.0.4&Prime; custom_margin=\u00a0\u00bb41px|||||\u00a0\u00bb custom_padding=\u00a0\u00bb2px||28px|||\u00a0\u00bb][et_pb_row _builder_version=\u00a0\u00bb4.0.4&Prime; background_enable_color=\u00a0\u00bboff\u00a0\u00bb custom_padding=\u00a0\u00bb60px||11px|||\u00a0\u00bb][et_pb_column type=\u00a0\u00bb4_4&Prime; _builder_version=\u00a0\u00bb4.0.4&Prime;][et_pb_divider color=\u00a0\u00bb#f7f6f4&Prime; divider_weight=\u00a0\u00bb3px\u00a0\u00bb _builder_version=\u00a0\u00bb4.0.4&Prime; width=\u00a0\u00bb40%\u00a0\u00bb module_alignment=\u00a0\u00bbcenter\u00a0\u00bb][\/et_pb_divider][et_pb_text disabled_on=\u00a0\u00bboff|off|off\u00a0\u00bb _builder_version=\u00a0\u00bb4.0.4&Prime; header_font=\u00a0\u00bbCOCHIN|||on|||||\u00a0\u00bb header_text_align=\u00a0\u00bbcenter\u00a0\u00bb header_text_color=\u00a0\u00bb#555d68&Prime; header_letter_spacing=\u00a0\u00bb1px\u00a0\u00bb header_5_font=\u00a0\u00bbit|500|||||||\u00a0\u00bb header_5_text_align=\u00a0\u00bbcenter\u00a0\u00bb header_5_text_color=\u00a0\u00bb#555d68&Prime; width=\u00a0\u00bb60%\u00a0\u00bb width_tablet=\u00a0\u00bb\u00a0\u00bb width_phone=\u00a0\u00bb100%\u00a0\u00bb width_last_edited=\u00a0\u00bbon|phone\u00a0\u00bb module_alignment=\u00a0\u00bbcenter\u00a0\u00bb custom_margin=\u00a0\u00bb||||false|false\u00a0\u00bb header_font_size_tablet=\u00a0\u00bb\u00a0\u00bb header_font_size_phone=\u00a0\u00bb20px\u00a0\u00bb header_font_size_last_edited=\u00a0\u00bbon|phone\u00a0\u00bb]<\/p>\n<h1>Des vins respectueux du terroir aux potentiels de garde \u00e9lev\u00e9s.<\/h1>\n<p>[\/et_pb_text][et_pb_code disabled_on=\u00a0\u00bbon|off|off\u00a0\u00bb _builder_version=\u00a0\u00bb4.0.4&Prime; custom_margin=\u00a0\u00bb||||false|true\u00a0\u00bb custom_padding=\u00a0\u00bb0px|40px|0px|40px|false|true\u00a0\u00bb]        <div class=\"wpcs_product_carousel_slider\">\r\n\r\n            <style type=\"text\/css\">\r\n\r\n                .wpcs_product_carousel_slider .another_carousel_header i.prev-914318835,\r\n                .wpcs_product_carousel_slider .another_carousel_header i.next-914318835 {\r\n                background-color:#BBBBBB;\r\n                color:#FFFFFF;\r\n                }\r\n                .wpcs_product_carousel_slider .another_carousel_header i.fa-angle-left.prev-914318835:hover,\r\n                .wpcs_product_carousel_slider .another_carousel_header i.fa-angle-right.next-914318835:hover {\r\n                background-color:#9A9A9A;\r\n                color:#FFFFFF;\r\n                }\r\n\r\n                #woo-product-carousel-wrapper-914318835 .owl-item .item h4.product_name {\r\n                font-size:16px;\r\n                }\r\n                #woo-product-carousel-wrapper-914318835 .owl-item .item h4.product_name a {\r\n                color:#7f8996;\r\n\r\n                }\r\n                #woo-product-carousel-wrapper-914318835 .owl-item .item h4.product_name a:hover {\r\n                color:#7f8996;\r\n\r\n                }\r\n                #woo-product-carousel-wrapper-914318835 .owl-item .item .price {\r\n                font-size:18px;\r\n\r\n                }\r\n                #woo-product-carousel-wrapper-914318835 .price,\r\n                #woo-product-carousel-wrapper-914318835 .price ins {\r\n                color:#444444;\r\n\r\n                }\r\n\r\n                #woo-product-carousel-wrapper-914318835 .wpcs_rating .woocommerce-product-rating {\r\n                color:#FFC500;\r\n\r\n                }\r\n                #woo-product-carousel-wrapper-914318835 .woocommerce .star-rating {\r\n                font-size:1em;\r\n\r\n                }\r\n                #woo-product-carousel-wrapper-914318835 .owl-item .item .cart .add_to_cart_button,\r\n                #woo-product-carousel-wrapper-914318835 .owl-item .item .cart a.added_to_cart.wc-forward {\r\n                color:#ffffff;\r\n\r\n                background-color:#BBBBBB;\r\n\r\n                border-color:#BBBBBB;\r\n\r\n                font-size:14px;\r\n\r\n                }\r\n                #woo-product-carousel-wrapper-914318835 .owl-item .item .cart .add_to_cart_button:hover,\r\n                #woo-product-carousel-wrapper-914318835 .owl-item .item .cart a.added_to_cart.wc-forward:hover {\r\n                background-color:#9A9A9A;\r\n                border-color:#9A9A9A;\r\n                color:#ffffff;\r\n\r\n                }\r\n\r\n                .wpcs_product_carousel_slider .owl-item .item h4.product_name a {\r\n                    font-weight: 600;\r\n                    text-decoration: none;\r\n                    border: 0;\r\n                    box-shadow: none;\r\n                    white-space: nowrap;\r\n                    overflow: hidden;\r\n                    text-overflow: ellipsis;\r\n                    display: block;\r\n                    color: #444444;\r\n                    webkit-transition: all 0.4s linear;\r\n                    -moz-transition: all 0.4s linear;\r\n                    -ms-transition: all 0.4s linear;\r\n                    -o-transition: all 0.4s linear;\r\n                    transition: all 0.4s linear;\r\n                }\r\n\r\n            <\/style>\r\n\r\n                            <div class=\"another_carousel_header\">\r\n                    <div class=\"title\"\r\n                         style=\"\r\n                         ;\r\n                         color:#303030;\r\n                                 \"\r\n                    >\r\n                                             <\/div>\r\n                                            <i class=\"fa fa-angle-left prev-914318835\"><\/i>\r\n                        <i class=\"fa fa-angle-right next-914318835\"><\/i>\r\n                                    <\/div>\r\n                \r\n            <div id=\"woo-product-carousel-wrapper-914318835\" class=\"owl-carousel owl-theme\">\r\n                                    <div class=\"item\">\r\n                                                <div class=\"product_container\">\r\n                            <div class=\"product_image_container\">\r\n                                <a id=\"id-7698\" class=\"product_thumb_link\" href=\"https:\/\/saint-ser.com\/en\/product\/cuvee-dolia\/\" title=\"Cuv\u00e9e DOLIA <\/br> 34,00\u20ac\">\r\n                                    <img decoding=\"async\" src=\"https:\/\/saint-ser.com\/wp-content\/uploads\/2025\/05\/Dolia-Detoure-683x1024.png\" class=\"wpcs-thum\" alt=\"Cuv\u00e9e DOLIA <\/br> 34,00\u20ac\" \/>                                <\/a>\r\n                            <\/div>\r\n                            <div class=\"caption\">\r\n                                                                    <h4 class=\"product_name\"><a id=\"id-7698\" href=\"https:\/\/saint-ser.com\/en\/product\/cuvee-dolia\/\" title=\"Cuv\u00e9e DOLIA <\/br> 34,00\u20ac\">Cuv\u00e9e DOLIA <\/br> 34,00\u20ac<\/a><\/h4>\r\n                                                            <\/div>\r\n                        <\/div>\r\n\r\n                    <\/div>\r\n                                    <div class=\"item\">\r\n                                                <div class=\"product_container\">\r\n                            <div class=\"product_image_container\">\r\n                                <a id=\"id-1261\" class=\"product_thumb_link\" href=\"https:\/\/saint-ser.com\/en\/product\/carton-decouverte-prestige\/\" title=\"Carton D\u00e9couverte Prestige <\/br> <span style='text-decoration:line-through'>101,00\u20ac<\/span> 96,00\u20ac\">\r\n                                    <img decoding=\"async\" src=\"https:\/\/saint-ser.com\/wp-content\/uploads\/2019\/11\/3bout-683x1024.png\" class=\"wpcs-thum\" alt=\"Carton D\u00e9couverte Prestige <\/br> <span style='text-decoration:line-through'>101,00\u20ac<\/span> 96,00\u20ac\" \/>                                <\/a>\r\n                            <\/div>\r\n                            <div class=\"caption\">\r\n                                                                    <h4 class=\"product_name\"><a id=\"id-1261\" href=\"https:\/\/saint-ser.com\/en\/product\/carton-decouverte-prestige\/\" title=\"Carton D\u00e9couverte Prestige <\/br> <span style='text-decoration:line-through'>101,00\u20ac<\/span> 96,00\u20ac\">Carton D\u00e9couverte Prestige <\/br> <span style='text-decoration:line-through'>101,00\u20ac<\/span> 96,00\u20ac<\/a><\/h4>\r\n                                                            <\/div>\r\n                        <\/div>\r\n\r\n                    <\/div>\r\n                                    <div class=\"item\">\r\n                                                <div class=\"product_container\">\r\n                            <div class=\"product_image_container\">\r\n                                <a id=\"id-476\" class=\"product_thumb_link\" href=\"https:\/\/saint-ser.com\/en\/product\/cuvee-tradition-blanc\/\" title=\"Cuv\u00e9e Tradition Blanc <\/br> 14,50\u20ac\">\r\n                                    <img decoding=\"async\" src=\"https:\/\/saint-ser.com\/wp-content\/uploads\/2019\/11\/blanc-trad-683x1024.png\" class=\"wpcs-thum\" alt=\"Cuv\u00e9e Tradition Blanc <\/br> 14,50\u20ac\" \/>                                <\/a>\r\n                            <\/div>\r\n                            <div class=\"caption\">\r\n                                                                    <h4 class=\"product_name\"><a id=\"id-476\" href=\"https:\/\/saint-ser.com\/en\/product\/cuvee-tradition-blanc\/\" title=\"Cuv\u00e9e Tradition Blanc <\/br> 14,50\u20ac\">Cuv\u00e9e Tradition Blanc <\/br> 14,50\u20ac<\/a><\/h4>\r\n                                                            <\/div>\r\n                        <\/div>\r\n\r\n                    <\/div>\r\n                                    <div class=\"item\">\r\n                                                <div class=\"product_container\">\r\n                            <div class=\"product_image_container\">\r\n                                <a id=\"id-472\" class=\"product_thumb_link\" href=\"https:\/\/saint-ser.com\/en\/product\/cuvee-petite-folie-rose\/\" title=\"Cuv\u00e9e Petite Folie ros\u00e9 <\/br> 25,50\u20ac\">\r\n                                    <img decoding=\"async\" src=\"https:\/\/saint-ser.com\/wp-content\/uploads\/2025\/05\/Petit-Folie-Detoure-683x1024.png\" class=\"wpcs-thum\" alt=\"Cuv\u00e9e Petite Folie ros\u00e9 <\/br> 25,50\u20ac\" \/>                                <\/a>\r\n                            <\/div>\r\n                            <div class=\"caption\">\r\n                                                                    <h4 class=\"product_name\"><a id=\"id-472\" href=\"https:\/\/saint-ser.com\/en\/product\/cuvee-petite-folie-rose\/\" title=\"Cuv\u00e9e Petite Folie ros\u00e9 <\/br> 25,50\u20ac\">Cuv\u00e9e Petite Folie ros\u00e9 <\/br> 25,50\u20ac<\/a><\/h4>\r\n                                                            <\/div>\r\n                        <\/div>\r\n\r\n                    <\/div>\r\n                                    <div class=\"item\">\r\n                                                <div class=\"product_container\">\r\n                            <div class=\"product_image_container\">\r\n                                <a id=\"id-468\" class=\"product_thumb_link\" href=\"https:\/\/saint-ser.com\/en\/product\/cuvee-de-lermite-rose\/\" title=\"Cuv\u00e9e de l&rsquo;Ermite ros\u00e9 <\/br> 16\u20ac\">\r\n                                    <img decoding=\"async\" src=\"https:\/\/saint-ser.com\/wp-content\/uploads\/2025\/05\/Ermite-2-Detoure-683x1024.png\" class=\"wpcs-thum\" alt=\"Cuv\u00e9e de l&rsquo;Ermite ros\u00e9 <\/br> 16\u20ac\" \/>                                <\/a>\r\n                            <\/div>\r\n                            <div class=\"caption\">\r\n                                                                    <h4 class=\"product_name\"><a id=\"id-468\" href=\"https:\/\/saint-ser.com\/en\/product\/cuvee-de-lermite-rose\/\" title=\"Cuv\u00e9e de l&rsquo;Ermite ros\u00e9 <\/br> 16\u20ac\">Cuv\u00e9e de l&rsquo;Ermite ros\u00e9 <\/br> 16\u20ac<\/a><\/h4>\r\n                                                            <\/div>\r\n                        <\/div>\r\n\r\n                    <\/div>\r\n                                    <div class=\"item\">\r\n                                                <div class=\"product_container\">\r\n                            <div class=\"product_image_container\">\r\n                                <a id=\"id-463\" class=\"product_thumb_link\" href=\"https:\/\/saint-ser.com\/en\/product\/cuvee-hauts-de-st-ser-rouge\/\" title=\"Cuv\u00e9e les hauts de st ser <\/br> 24\u20ac\">\r\n                                    <img decoding=\"async\" src=\"https:\/\/saint-ser.com\/wp-content\/uploads\/2025\/05\/Haut-de-Saint-Ser-683x1024.png\" class=\"wpcs-thum\" alt=\"Cuv\u00e9e les hauts de st ser <\/br> 24\u20ac\" \/>                                <\/a>\r\n                            <\/div>\r\n                            <div class=\"caption\">\r\n                                                                    <h4 class=\"product_name\"><a id=\"id-463\" href=\"https:\/\/saint-ser.com\/en\/product\/cuvee-hauts-de-st-ser-rouge\/\" title=\"Cuv\u00e9e les hauts de st ser <\/br> 24\u20ac\">Cuv\u00e9e les hauts de st ser <\/br> 24\u20ac<\/a><\/h4>\r\n                                                            <\/div>\r\n                        <\/div>\r\n\r\n                    <\/div>\r\n                                    <div class=\"item\">\r\n                                                <div class=\"product_container\">\r\n                            <div class=\"product_image_container\">\r\n                                <a id=\"id-458\" class=\"product_thumb_link\" href=\"https:\/\/saint-ser.com\/en\/product\/cuvee-prestige-rose\/\" title=\"Cuv\u00e9e Prestige ros\u00e9 <\/br> 14\u20ac50\">\r\n                                    <img decoding=\"async\" src=\"https:\/\/saint-ser.com\/wp-content\/uploads\/2025\/05\/Prestige-Rose-Detoure-683x1024.png\" class=\"wpcs-thum\" alt=\"Cuv\u00e9e Prestige ros\u00e9 <\/br> 14\u20ac50\" \/>                                <\/a>\r\n                            <\/div>\r\n                            <div class=\"caption\">\r\n                                                                    <h4 class=\"product_name\"><a id=\"id-458\" href=\"https:\/\/saint-ser.com\/en\/product\/cuvee-prestige-rose\/\" title=\"Cuv\u00e9e Prestige ros\u00e9 <\/br> 14\u20ac50\">Cuv\u00e9e Prestige ros\u00e9 <\/br> 14\u20ac50<\/a><\/h4>\r\n                                                            <\/div>\r\n                        <\/div>\r\n\r\n                    <\/div>\r\n                                    <div class=\"item\">\r\n                                                <div class=\"product_container\">\r\n                            <div class=\"product_image_container\">\r\n                                <a id=\"id-450\" class=\"product_thumb_link\" href=\"https:\/\/saint-ser.com\/en\/product\/cuvee-prestige-rouge\/\" title=\"Cuv\u00e9e Prestige rouge <\/br> 19\u20ac\">\r\n                                    <img decoding=\"async\" src=\"https:\/\/saint-ser.com\/wp-content\/uploads\/2025\/05\/Prestige-Rouge-Detoure-683x1024.png\" class=\"wpcs-thum\" alt=\"Cuv\u00e9e Prestige rouge <\/br> 19\u20ac\" \/>                                <\/a>\r\n                            <\/div>\r\n                            <div class=\"caption\">\r\n                                                                    <h4 class=\"product_name\"><a id=\"id-450\" href=\"https:\/\/saint-ser.com\/en\/product\/cuvee-prestige-rouge\/\" title=\"Cuv\u00e9e Prestige rouge <\/br> 19\u20ac\">Cuv\u00e9e Prestige rouge <\/br> 19\u20ac<\/a><\/h4>\r\n                                                            <\/div>\r\n                        <\/div>\r\n\r\n                    <\/div>\r\n                                    <div class=\"item\">\r\n                                                <div class=\"product_container\">\r\n                            <div class=\"product_image_container\">\r\n                                <a id=\"id-223\" class=\"product_thumb_link\" href=\"https:\/\/saint-ser.com\/en\/product\/cuvee-prestige-blanc\/\" title=\"Cuv\u00e9e Prestige blanc <\/br> 17,50\u20ac\">\r\n                                    <img decoding=\"async\" src=\"https:\/\/saint-ser.com\/wp-content\/uploads\/2025\/05\/Prestige-Blanc-Detoure-683x1024.png\" class=\"wpcs-thum\" alt=\"Cuv\u00e9e Prestige blanc <\/br> 17,50\u20ac\" \/>                                <\/a>\r\n                            <\/div>\r\n                            <div class=\"caption\">\r\n                                                                    <h4 class=\"product_name\"><a id=\"id-223\" href=\"https:\/\/saint-ser.com\/en\/product\/cuvee-prestige-blanc\/\" title=\"Cuv\u00e9e Prestige blanc <\/br> 17,50\u20ac\">Cuv\u00e9e Prestige blanc <\/br> 17,50\u20ac<\/a><\/h4>\r\n                                                            <\/div>\r\n                        <\/div>\r\n\r\n                    <\/div>\r\n                            <\/div> <!-- End woo-product-carousel-wrapper -->\r\n                    <\/div> <!-- End wpcs_product_carousel_slider -->\r\n\r\n        <script type=\"text\/javascript\">\r\n            jQuery(document).ready(function($) {\r\n\r\n                var $wpcs = $(\"#woo-product-carousel-wrapper-914318835\");\r\n\r\n                $wpcs.owlCarousel({\r\n\r\n                    \/*updated code of the carousel for the version 2.2.1*\/\r\n                    rewind:false,\r\n                    loop:true,\r\n                    autoWidth:false,\r\n                    responsiveClass:true,\r\n                    autoplayHoverPause:false,\r\n                    autoplay:true,\r\n\r\n                    dots:false,\r\n                    autoplayTimeout: 4000,\r\n                    dotData:true,\r\n                    dotsEach:false,\r\n                    rtl:false,\r\n                    slideBy:1,\r\n                    nav:false, \/\/ we are using custom navigation arrow, so lets turn the default navigation off\r\n                    navText:['\u2039','\u203a'],\r\n                    smartSpeed: 1000, \/\/ it smooths the transition, and it should be lower than the speed of the auto play\r\n                    responsive:{\r\n                        0 : {\r\n                            items:1\r\n                        },\r\n                        350: {\r\n                            items:1                        },\r\n                        480: {\r\n                            items:1                        },\r\n                        600 : {\r\n                            items:2                        },\r\n                        768:{\r\n                            items:2                        },\r\n                        978:{\r\n                            items:3                        },\r\n                        1198:{\r\n                            items:3                        }\r\n                    }\r\n\r\n\r\n                });\r\n\r\n\r\n                \/\/ stop on hover but play after hover out\r\n                                $wpcs.hover(\r\n                    function(){\r\n                        $wpcs.trigger('stop.owl.autoplay');\r\n                    },\r\n                    function(){\r\n                        $wpcs.trigger('play.owl.autoplay');\r\n                    }\r\n                );\r\n                \r\n                \/\/ custom navigation for the owl carousel\r\n                $(\".next-914318835\").click(function(){\r\n                    $wpcs.trigger(\"next.owl.carousel\");\r\n                });\r\n\r\n                $(\".prev-914318835\").click(function(){\r\n                    $wpcs.trigger(\"prev.owl.carousel\");\r\n                });\r\n\r\n            });\r\n        <\/script>\r\n        [\/et_pb_code][\/et_pb_column][\/et_pb_row][\/et_pb_section]<\/p>\n","protected":false},"excerpt":{"rendered":"<p>Cuv\u00e9e PrestigeBlancPrix 17,50 \u20ac TTC Et 102,00 \u20ac pour 6 bouteillesIssu exclusivement du c\u00e9page Rolle (ou Vermentino) ramass\u00e9 en l\u00e9g\u00e8re surmaturit\u00e9, ce vin pr\u00e9sente des notes de fleurs blanches et de fruits exotiques , caract\u00e9ristiques de ce c\u00e9page. Ferment\u00e9 et vinifi\u00e9 en amphore de terre cuite et en jarre de gr\u00e8s, le Vermentino d\u00e9velloppe alors [&hellip;]<\/p>\n","protected":false},"author":114,"featured_media":0,"parent":0,"menu_order":0,"comment_status":"closed","ping_status":"closed","template":"","meta":{"_et_pb_use_builder":"on","_et_pb_old_content":"","_et_gb_content_width":"","footnotes":""},"class_list":["post-17","page","type-page","status-publish","hentry"],"jetpack_sharing_enabled":true,"_links":{"self":[{"href":"https:\/\/saint-ser.com\/en\/wp-json\/wp\/v2\/pages\/17","targetHints":{"allow":["GET"]}}],"collection":[{"href":"https:\/\/saint-ser.com\/en\/wp-json\/wp\/v2\/pages"}],"about":[{"href":"https:\/\/saint-ser.com\/en\/wp-json\/wp\/v2\/types\/page"}],"author":[{"embeddable":true,"href":"https:\/\/saint-ser.com\/en\/wp-json\/wp\/v2\/users\/114"}],"replies":[{"embeddable":true,"href":"https:\/\/saint-ser.com\/en\/wp-json\/wp\/v2\/comments?post=17"}],"version-history":[{"count":60,"href":"https:\/\/saint-ser.com\/en\/wp-json\/wp\/v2\/pages\/17\/revisions"}],"predecessor-version":[{"id":3585,"href":"https:\/\/saint-ser.com\/en\/wp-json\/wp\/v2\/pages\/17\/revisions\/3585"}],"wp:attachment":[{"href":"https:\/\/saint-ser.com\/en\/wp-json\/wp\/v2\/media?parent=17"}],"curies":[{"name":"wp","href":"https:\/\/api.w.org\/{rel}","templated":true}]}}