{"id":53,"date":"2019-10-30T11:24:07","date_gmt":"2019-10-30T10:24:07","guid":{"rendered":"https:\/\/www.maquettesite.agency\/?page_id=53"},"modified":"2020-01-13T13:18:36","modified_gmt":"2020-01-13T12:18:36","slug":"la-biodynamie","status":"publish","type":"page","link":"https:\/\/saint-ser.com\/en\/la-biodynamie\/","title":{"rendered":"Biodynamics"},"content":{"rendered":"<p>[et_pb_section fb_built=\u00a0\u00bb1&Prime; _builder_version=\u00a0\u00bb4.0.4&Prime; custom_padding=\u00a0\u00bb18px||0px|||\u00a0\u00bb][et_pb_row _builder_version=\u00a0\u00bb4.0.4&Prime; module_alignment=\u00a0\u00bbcenter\u00a0\u00bb custom_padding=\u00a0\u00bb0px||0px|||\u00a0\u00bb][et_pb_column type=\u00a0\u00bb4_4&Prime; _builder_version=\u00a0\u00bb4.0.4&Prime; hover_enabled=\u00a0\u00bb0&Prime;][et_pb_image src=\u00a0\u00bbhttps:\/\/saint-ser.com\/wp-content\/uploads\/2019\/10\/biodynamie.jpg\u00a0\u00bb align=\u00a0\u00bbcenter\u00a0\u00bb _builder_version=\u00a0\u00bb4.0.4&Prime; width=\u00a0\u00bb100%\u00a0\u00bb max_width=\u00a0\u00bb100%\u00a0\u00bb custom_padding=\u00a0\u00bb||||true|true\u00a0\u00bb hover_enabled=\u00a0\u00bb0&Prime; border_radii=\u00a0\u00bbon|20px|20px|20px|20px\u00a0\u00bb][\/et_pb_image][\/et_pb_column][\/et_pb_row][\/et_pb_section][et_pb_section fb_built=\u00a0\u00bb1&Prime; _builder_version=\u00a0\u00bb4.0.4&Prime; custom_padding=\u00a0\u00bb45px||45px|||\u00a0\u00bb][et_pb_row _builder_version=\u00a0\u00bb4.0.4&Prime; background_color=\u00a0\u00bb#f7f6f4&Prime; module_alignment=\u00a0\u00bbcenter\u00a0\u00bb][et_pb_column type=\u00a0\u00bb4_4&Prime; _builder_version=\u00a0\u00bb4.0.4&Prime;][et_pb_text _builder_version=\u00a0\u00bb4.0.4&Prime; text_font=\u00a0\u00bbMontserrat||||||||\u00a0\u00bb text_text_color=\u00a0\u00bb#7c8693&Prime; text_font_size=\u00a0\u00bb12pt\u00a0\u00bb text_line_height=\u00a0\u00bb20pt\u00a0\u00bb header_font=\u00a0\u00bbCOCHIN|||on|||||\u00a0\u00bb header_text_align=\u00a0\u00bbcenter\u00a0\u00bb header_text_color=\u00a0\u00bb#575e67&Prime; header_letter_spacing=\u00a0\u00bb1px\u00a0\u00bb header_line_height=\u00a0\u00bb1.2em\u00a0\u00bb text_orientation=\u00a0\u00bbcenter\u00a0\u00bb width=\u00a0\u00bb60%\u00a0\u00bb width_tablet=\u00a0\u00bb\u00a0\u00bb width_phone=\u00a0\u00bb100%\u00a0\u00bb width_last_edited=\u00a0\u00bbon|desktop\u00a0\u00bb module_alignment=\u00a0\u00bbcenter\u00a0\u00bb custom_margin=\u00a0\u00bb23px|||||\u00a0\u00bb custom_padding=\u00a0\u00bb|0px||0px|false|true\u00a0\u00bb header_font_size_tablet=\u00a0\u00bb\u00a0\u00bb header_font_size_phone=\u00a0\u00bb20px\u00a0\u00bb header_font_size_last_edited=\u00a0\u00bbon|phone\u00a0\u00bb]<\/p>\n<h1>Une globalit\u00e9 qui lie l&rsquo;homme avec l&rsquo;ensemble de son environnement.<\/h1>\n<p>[\/et_pb_text][et_pb_text _builder_version=\u00a0\u00bb4.0.4&Prime; text_font=\u00a0\u00bbMontserrat||||||||\u00a0\u00bb text_text_color=\u00a0\u00bb#7c8693&Prime; text_font_size=\u00a0\u00bb12pt\u00a0\u00bb text_line_height=\u00a0\u00bb20pt\u00a0\u00bb header_font=\u00a0\u00bbCOCHIN|||on|||||\u00a0\u00bb header_text_align=\u00a0\u00bbcenter\u00a0\u00bb header_text_color=\u00a0\u00bb#575e67&Prime; header_letter_spacing=\u00a0\u00bb1px\u00a0\u00bb header_line_height=\u00a0\u00bb1.2em\u00a0\u00bb text_orientation=\u00a0\u00bbcenter\u00a0\u00bb width=\u00a0\u00bb84%\u00a0\u00bb module_alignment=\u00a0\u00bbcenter\u00a0\u00bb custom_padding=\u00a0\u00bb|0px||0px|false|true\u00a0\u00bb]<\/p>\n<p style=\"text-align: center;\">La fertilit\u00e9 du sol, la prise en compte des rythmes saisonniers et cosmiques, le soin apport\u00e9 aux plantes avec le respect des lois du vivant, la construction de paysages harmonieux, le respect de la biodiversit\u00e9, la qualit\u00e9 des aliments produits sont autant de principes pour entretenir et d\u00e9velopper la vie \u00e0 l\u2019int\u00e9rieur et autour du domaine. Anim\u00e9s par une conviction forte, les biodynamistes vont plus loin que le label AB et s\u2019efforcent de redonner \u00e0 la plante et au sol un \u00e9quilibre qui rejaillit imm\u00e9diatement sur la qualit\u00e9 des vins.<\/p>\n<p>[\/et_pb_text][\/et_pb_column][\/et_pb_row][et_pb_row column_structure=\u00a0\u00bb1_3,1_3,1_3&Prime; use_custom_gutter=\u00a0\u00bbon\u00a0\u00bb make_equal=\u00a0\u00bbon\u00a0\u00bb _builder_version=\u00a0\u00bb4.0.4&Prime; background_color=\u00a0\u00bb#f7f6f4&Prime; background_enable_image=\u00a0\u00bboff\u00a0\u00bb module_alignment=\u00a0\u00bbcenter\u00a0\u00bb min_height=\u00a0\u00bb466px\u00a0\u00bb custom_padding=\u00a0\u00bb|50px||50px|false|true\u00a0\u00bb hover_enabled=\u00a0\u00bb0&Prime;][et_pb_column type=\u00a0\u00bb1_3&Prime; _builder_version=\u00a0\u00bb4.0.4&Prime; background_image=\u00a0\u00bbhttps:\/\/saint-ser.com\/wp-content\/uploads\/2019\/10\/biodynamie2.jpg\u00a0\u00bb hover_enabled=\u00a0\u00bb0&Prime;][\/et_pb_column][et_pb_column type=\u00a0\u00bb1_3&Prime; _builder_version=\u00a0\u00bb4.0.4&Prime; background_image=\u00a0\u00bbhttps:\/\/saint-ser.com\/wp-content\/uploads\/2019\/11\/arbre.jpg\u00a0\u00bb hover_enabled=\u00a0\u00bb0&Prime;][\/et_pb_column][et_pb_column type=\u00a0\u00bb1_3&Prime; _builder_version=\u00a0\u00bb4.0.4&Prime; background_image=\u00a0\u00bbhttps:\/\/saint-ser.com\/wp-content\/uploads\/2019\/10\/biodynamie1.jpg\u00a0\u00bb hover_enabled=\u00a0\u00bb0&Prime;][\/et_pb_column][\/et_pb_row][\/et_pb_section]<\/p>\n","protected":false},"excerpt":{"rendered":"<p>Une globalit\u00e9 qui lie l&rsquo;homme avec l&rsquo;ensemble de son environnement.La fertilit\u00e9 du sol, la prise en compte des rythmes saisonniers et cosmiques, le soin apport\u00e9 aux plantes avec le respect des lois du vivant, la construction de paysages harmonieux, le respect de la biodiversit\u00e9, la qualit\u00e9 des aliments produits sont autant de principes pour entretenir [&hellip;]<\/p>\n","protected":false},"author":114,"featured_media":0,"parent":0,"menu_order":0,"comment_status":"closed","ping_status":"closed","template":"","meta":{"_et_pb_use_builder":"on","_et_pb_old_content":"<!-- wp:divi\/placeholder \/-->","_et_gb_content_width":"","footnotes":""},"class_list":["post-53","page","type-page","status-publish","hentry"],"jetpack_sharing_enabled":true,"_links":{"self":[{"href":"https:\/\/saint-ser.com\/en\/wp-json\/wp\/v2\/pages\/53","targetHints":{"allow":["GET"]}}],"collection":[{"href":"https:\/\/saint-ser.com\/en\/wp-json\/wp\/v2\/pages"}],"about":[{"href":"https:\/\/saint-ser.com\/en\/wp-json\/wp\/v2\/types\/page"}],"author":[{"embeddable":true,"href":"https:\/\/saint-ser.com\/en\/wp-json\/wp\/v2\/users\/114"}],"replies":[{"embeddable":true,"href":"https:\/\/saint-ser.com\/en\/wp-json\/wp\/v2\/comments?post=53"}],"version-history":[{"count":19,"href":"https:\/\/saint-ser.com\/en\/wp-json\/wp\/v2\/pages\/53\/revisions"}],"predecessor-version":[{"id":3570,"href":"https:\/\/saint-ser.com\/en\/wp-json\/wp\/v2\/pages\/53\/revisions\/3570"}],"wp:attachment":[{"href":"https:\/\/saint-ser.com\/en\/wp-json\/wp\/v2\/media?parent=53"}],"curies":[{"name":"wp","href":"https:\/\/api.w.org\/{rel}","templated":true}]}}