{"id":57,"date":"2019-10-30T11:24:25","date_gmt":"2019-10-30T10:24:25","guid":{"rendered":"https:\/\/www.maquettesite.agency\/?page_id=57"},"modified":"2020-01-13T15:41:46","modified_gmt":"2020-01-13T14:41:46","slug":"visites","status":"publish","type":"page","link":"https:\/\/saint-ser.com\/en\/visites\/","title":{"rendered":"Visits"},"content":{"rendered":"<p>[et_pb_section fb_built=\u00a0\u00bb1&Prime; inner_shadow=\u00a0\u00bbon\u00a0\u00bb _builder_version=\u00a0\u00bb4.0.4&Prime; background_color=\u00a0\u00bbrgba(0,0,0,0.29)\u00a0\u00bb background_image=\u00a0\u00bbhttps:\/\/saint-ser.com\/wp-content\/uploads\/2019\/11\/visite.jpg\u00a0\u00bb background_blend=\u00a0\u00bbcolor\u00a0\u00bb min_height=\u00a0\u00bb457px\u00a0\u00bb custom_padding=\u00a0\u00bb22px||0px||false|false\u00a0\u00bb hover_enabled=\u00a0\u00bb0&Prime; custom_margin=\u00a0\u00bb11px||||false|false\u00a0\u00bb][et_pb_row use_custom_gutter=\u00a0\u00bbon\u00a0\u00bb gutter_width=\u00a0\u00bb1&Prime; make_equal=\u00a0\u00bbon\u00a0\u00bb _builder_version=\u00a0\u00bb4.0.4&Prime; width=\u00a0\u00bb100%\u00a0\u00bb max_width=\u00a0\u00bbnone\u00a0\u00bb module_alignment=\u00a0\u00bbcenter\u00a0\u00bb custom_padding=\u00a0\u00bb0px||0px|||\u00a0\u00bb][et_pb_column type=\u00a0\u00bb4_4&Prime; _builder_version=\u00a0\u00bb4.0.4&Prime;][\/et_pb_column][\/et_pb_row][\/et_pb_section][et_pb_section fb_built=\u00a0\u00bb1&Prime; _builder_version=\u00a0\u00bb4.0.4&Prime; custom_padding=\u00a0\u00bb45px||0px|||\u00a0\u00bb][et_pb_row _builder_version=\u00a0\u00bb4.0.4&Prime; background_enable_color=\u00a0\u00bboff\u00a0\u00bb module_alignment=\u00a0\u00bbcenter\u00a0\u00bb][et_pb_column type=\u00a0\u00bb4_4&Prime; _builder_version=\u00a0\u00bb4.0.4&Prime;][et_pb_text _builder_version=\u00a0\u00bb4.0.4&Prime; text_font=\u00a0\u00bbMontserrat||||||||\u00a0\u00bb text_text_color=\u00a0\u00bb#7c8693&Prime; text_font_size=\u00a0\u00bb12pt\u00a0\u00bb text_line_height=\u00a0\u00bb20pt\u00a0\u00bb header_font=\u00a0\u00bbCOCHIN|||on|||||\u00a0\u00bb header_text_align=\u00a0\u00bbcenter\u00a0\u00bb header_text_color=\u00a0\u00bb#575e67&Prime; header_letter_spacing=\u00a0\u00bb1px\u00a0\u00bb header_line_height=\u00a0\u00bb1.2em\u00a0\u00bb text_orientation=\u00a0\u00bbcenter\u00a0\u00bb width=\u00a0\u00bb60%\u00a0\u00bb width_tablet=\u00a0\u00bb\u00a0\u00bb width_phone=\u00a0\u00bb90%\u00a0\u00bb width_last_edited=\u00a0\u00bbon|phone\u00a0\u00bb module_alignment=\u00a0\u00bbcenter\u00a0\u00bb custom_padding=\u00a0\u00bb|0px||0px|false|true\u00a0\u00bb header_font_size_tablet=\u00a0\u00bb\u00a0\u00bb header_font_size_phone=\u00a0\u00bb20px\u00a0\u00bb header_font_size_last_edited=\u00a0\u00bbon|phone\u00a0\u00bb]<\/p>\n<h1>D\u00e9gustations au domaine<\/h1>\n<p>[\/et_pb_text][et_pb_text _builder_version=\u00a0\u00bb4.0.4&Prime; text_font=\u00a0\u00bbMontserrat||||||||\u00a0\u00bb text_text_color=\u00a0\u00bb#7c8693&Prime; text_font_size=\u00a0\u00bb12pt\u00a0\u00bb text_line_height=\u00a0\u00bb20pt\u00a0\u00bb header_font=\u00a0\u00bbCOCHIN|||on|||||\u00a0\u00bb header_text_align=\u00a0\u00bbcenter\u00a0\u00bb header_text_color=\u00a0\u00bb#575e67&Prime; header_letter_spacing=\u00a0\u00bb1px\u00a0\u00bb header_line_height=\u00a0\u00bb1.2em\u00a0\u00bb text_orientation=\u00a0\u00bbcenter\u00a0\u00bb width=\u00a0\u00bb80%\u00a0\u00bb width_tablet=\u00a0\u00bb\u00a0\u00bb width_phone=\u00a0\u00bb100%\u00a0\u00bb width_last_edited=\u00a0\u00bbon|phone\u00a0\u00bb module_alignment=\u00a0\u00bbcenter\u00a0\u00bb custom_padding=\u00a0\u00bb|0px||0px|false|true\u00a0\u00bb]<\/p>\n<p>Pour appr\u00e9cier le meilleur de notre terroir, rien de tel qu&rsquo;une d\u00e9gustation.<\/p>\n<p>D\u00e9couvrez les vins AOC C\u00f4tes de Provence Sainte-Victoire directement au Domaine Saint-Ser.<\/p>\n<p>Vous serez accompagn\u00e9 par notre \u00e9quipe, qui vous prodiguera de pr\u00e9cieux conseils de d\u00e9gustation et vous fera partager sa passion pour les vins naturels de terroir.<\/p>\n<p>[\/et_pb_text][et_pb_divider _builder_version=\u00a0\u00bb4.0.4&Prime; width=\u00a0\u00bb2%\u00a0\u00bb module_alignment=\u00a0\u00bbcenter\u00a0\u00bb][\/et_pb_divider][et_pb_text _builder_version=\u00a0\u00bb4.0.4&Prime; text_font=\u00a0\u00bbCOCHIN||||||||\u00a0\u00bb text_text_color=\u00a0\u00bb#7c8693&Prime; text_font_size=\u00a0\u00bb17pt\u00a0\u00bb text_line_height=\u00a0\u00bb20pt\u00a0\u00bb header_font=\u00a0\u00bbCOCHIN|||on|||||\u00a0\u00bb header_text_align=\u00a0\u00bbcenter\u00a0\u00bb header_text_color=\u00a0\u00bb#575e67&Prime; header_letter_spacing=\u00a0\u00bb1px\u00a0\u00bb header_line_height=\u00a0\u00bb1.2em\u00a0\u00bb text_orientation=\u00a0\u00bbcenter\u00a0\u00bb width=\u00a0\u00bb80%\u00a0\u00bb module_alignment=\u00a0\u00bbcenter\u00a0\u00bb custom_margin=\u00a0\u00bb-28px|||||\u00a0\u00bb custom_padding=\u00a0\u00bb|0px||0px|false|true\u00a0\u00bb]<\/p>\n<p><em>du 1er Avril au 31 Octobre\u00a0<\/em>de 9h \u00e0 13h et de 14h30 \u00e0 19h tous les jours<br \/> <em>du 1er Novembre au 31 Mars<\/em><em>\u00a0<\/em>de 9h \u00e0 13h et de 14h30 \u00e0 18h et le dimanche sur RDV<\/p>\n<p><a href=\"tel:0442663081\">Tel : 04 42 66 30 81<\/a><\/p>\n<p>[\/et_pb_text][\/et_pb_column][\/et_pb_row][\/et_pb_section][et_pb_section fb_built=\u00a0\u00bb1&Prime; _builder_version=\u00a0\u00bb4.0.4&Prime; custom_padding=\u00a0\u00bb0px||0px|||\u00a0\u00bb][et_pb_row _builder_version=\u00a0\u00bb4.0.4&Prime; custom_padding=\u00a0\u00bb0px||0px|||\u00a0\u00bb][et_pb_column type=\u00a0\u00bb4_4&Prime; _builder_version=\u00a0\u00bb4.0.4&Prime;][et_pb_gallery gallery_ids=\u00a0\u00bb518,519,520,521,522,523&Prime; fullwidth=\u00a0\u00bbon\u00a0\u00bb _builder_version=\u00a0\u00bb4.0.4&Prime; width=\u00a0\u00bb100%\u00a0\u00bb module_alignment=\u00a0\u00bbcenter\u00a0\u00bb auto=\u00a0\u00bbon\u00a0\u00bb auto_speed=\u00a0\u00bb4000&Prime; border_radii=\u00a0\u00bbon|20px|20px|20px|20px\u00a0\u00bb][\/et_pb_gallery][\/et_pb_column][\/et_pb_row][\/et_pb_section][et_pb_section fb_built=\u00a0\u00bb1&Prime; _builder_version=\u00a0\u00bb4.0.4&Prime; custom_padding=\u00a0\u00bb45px||45px|||\u00a0\u00bb][et_pb_row _builder_version=\u00a0\u00bb4.0.4&Prime; background_enable_color=\u00a0\u00bboff\u00a0\u00bb module_alignment=\u00a0\u00bbcenter\u00a0\u00bb][et_pb_column type=\u00a0\u00bb4_4&Prime; _builder_version=\u00a0\u00bb4.0.4&Prime;][et_pb_text _builder_version=\u00a0\u00bb4.0.4&Prime; text_font=\u00a0\u00bbMontserrat||||||||\u00a0\u00bb text_text_color=\u00a0\u00bb#7c8693&Prime; text_font_size=\u00a0\u00bb12pt\u00a0\u00bb text_line_height=\u00a0\u00bb20pt\u00a0\u00bb header_font=\u00a0\u00bbCOCHIN|||on|||||\u00a0\u00bb header_text_align=\u00a0\u00bbcenter\u00a0\u00bb header_text_color=\u00a0\u00bb#575e67&Prime; header_letter_spacing=\u00a0\u00bb1px\u00a0\u00bb header_line_height=\u00a0\u00bb1.2em\u00a0\u00bb text_orientation=\u00a0\u00bbcenter\u00a0\u00bb width=\u00a0\u00bb60%\u00a0\u00bb width_tablet=\u00a0\u00bb\u00a0\u00bb width_phone=\u00a0\u00bb90%\u00a0\u00bb width_last_edited=\u00a0\u00bbon|phone\u00a0\u00bb module_alignment=\u00a0\u00bbcenter\u00a0\u00bb custom_padding=\u00a0\u00bb|0px||0px|false|true\u00a0\u00bb header_font_size_tablet=\u00a0\u00bb\u00a0\u00bb header_font_size_phone=\u00a0\u00bb20px\u00a0\u00bb header_font_size_last_edited=\u00a0\u00bbon|phone\u00a0\u00bb]<\/p>\n<h1>Le jardin des c\u00e9pages<\/h1>\n<h1>Le jardin d&rsquo;oliviers<\/h1>\n<p>[\/et_pb_text][et_pb_text _builder_version=\u00a0\u00bb4.0.4&Prime; text_font=\u00a0\u00bbMontserrat||||||||\u00a0\u00bb text_text_color=\u00a0\u00bb#7c8693&Prime; text_font_size=\u00a0\u00bb12pt\u00a0\u00bb text_line_height=\u00a0\u00bb20pt\u00a0\u00bb header_font=\u00a0\u00bbCOCHIN|||on|||||\u00a0\u00bb header_text_align=\u00a0\u00bbcenter\u00a0\u00bb header_text_color=\u00a0\u00bb#575e67&Prime; header_letter_spacing=\u00a0\u00bb1px\u00a0\u00bb header_line_height=\u00a0\u00bb1.2em\u00a0\u00bb text_orientation=\u00a0\u00bbcenter\u00a0\u00bb width=\u00a0\u00bb55%\u00a0\u00bb width_tablet=\u00a0\u00bb\u00a0\u00bb width_phone=\u00a0\u00bb100%\u00a0\u00bb width_last_edited=\u00a0\u00bbon|desktop\u00a0\u00bb module_alignment=\u00a0\u00bbcenter\u00a0\u00bb custom_padding=\u00a0\u00bb|0px||0px|false|true\u00a0\u00bb]<\/p>\n<p>Le Domaine Saint-Ser vous ouvre ses portes \u00e0 la d\u00e9couverte d&rsquo;une v\u00e9ritable galerie naturelle exposant la richesse des ressources proven\u00e7ales :<\/p>\n<p>[\/et_pb_text][et_pb_text _builder_version=\u00a0\u00bb4.0.4&Prime; text_font=\u00a0\u00bbMontserrat||||||||\u00a0\u00bb text_text_color=\u00a0\u00bb#7c8693&Prime; text_font_size=\u00a0\u00bb12pt\u00a0\u00bb text_line_height=\u00a0\u00bb20pt\u00a0\u00bb header_font=\u00a0\u00bbCOCHIN|||on|||||\u00a0\u00bb header_text_align=\u00a0\u00bbcenter\u00a0\u00bb header_text_color=\u00a0\u00bb#575e67&Prime; header_letter_spacing=\u00a0\u00bb1px\u00a0\u00bb header_line_height=\u00a0\u00bb1.2em\u00a0\u00bb text_orientation=\u00a0\u00bbcenter\u00a0\u00bb width=\u00a0\u00bb80%\u00a0\u00bb width_tablet=\u00a0\u00bb\u00a0\u00bb width_phone=\u00a0\u00bb100%\u00a0\u00bb width_last_edited=\u00a0\u00bbon|phone\u00a0\u00bb module_alignment=\u00a0\u00bbcenter\u00a0\u00bb custom_padding=\u00a0\u00bb|0px||0px|false|true\u00a0\u00bb]<\/p>\n<p>Un jardin de C\u00e9pages de 19 vari\u00e9t\u00e9s de vignes. &amp; Un jardin d&rsquo;Oliviers de 13 vari\u00e9t\u00e9s diff\u00e9rentes.<\/p>\n<p>[\/et_pb_text][et_pb_text _builder_version=\u00a0\u00bb4.0.4&Prime; text_font=\u00a0\u00bbMontserrat||||||||\u00a0\u00bb text_text_color=\u00a0\u00bb#7c8693&Prime; text_font_size=\u00a0\u00bb12pt\u00a0\u00bb text_line_height=\u00a0\u00bb20pt\u00a0\u00bb header_font=\u00a0\u00bbCOCHIN|||on|||||\u00a0\u00bb header_text_align=\u00a0\u00bbcenter\u00a0\u00bb header_text_color=\u00a0\u00bb#575e67&Prime; header_letter_spacing=\u00a0\u00bb1px\u00a0\u00bb header_line_height=\u00a0\u00bb1.2em\u00a0\u00bb text_orientation=\u00a0\u00bbcenter\u00a0\u00bb width=\u00a0\u00bb60%\u00a0\u00bb width_tablet=\u00a0\u00bb\u00a0\u00bb width_phone=\u00a0\u00bb100%\u00a0\u00bb width_last_edited=\u00a0\u00bbon|phone\u00a0\u00bb module_alignment=\u00a0\u00bbcenter\u00a0\u00bb custom_padding=\u00a0\u00bb|0px||0px|false|true\u00a0\u00bb]<\/p>\n<p>Vous partez \u00e0 la d\u00e9couverte des diff\u00e9rentes formes et couleurs des feuilles de vignes et d&rsquo;oliviers \u00e0 travers un parcours p\u00e9dagogique qui ravira toute la famille.<\/p>\n<p>[\/et_pb_text][\/et_pb_column][\/et_pb_row][\/et_pb_section][et_pb_section fb_built=\u00a0\u00bb1&Prime; _builder_version=\u00a0\u00bb4.0.4&Prime; custom_padding=\u00a0\u00bb0px||0px|||\u00a0\u00bb][et_pb_row column_structure=\u00a0\u00bb1_2,1_2&Prime; use_custom_gutter=\u00a0\u00bbon\u00a0\u00bb gutter_width=\u00a0\u00bb1&Prime; make_equal=\u00a0\u00bbon\u00a0\u00bb _builder_version=\u00a0\u00bb4.0.4&Prime; width=\u00a0\u00bb100%\u00a0\u00bb max_width=\u00a0\u00bbnone\u00a0\u00bb custom_padding=\u00a0\u00bb0px||0px||false|false\u00a0\u00bb][et_pb_column type=\u00a0\u00bb1_2&Prime; _builder_version=\u00a0\u00bb4.0.4&Prime;][et_pb_gallery gallery_ids=\u00a0\u00bb529,528,971&Prime; fullwidth=\u00a0\u00bbon\u00a0\u00bb _builder_version=\u00a0\u00bb4.0.4&Prime; custom_padding=\u00a0\u00bb0px||1px|||\u00a0\u00bb auto=\u00a0\u00bbon\u00a0\u00bb auto_speed=\u00a0\u00bb4000&Prime;][\/et_pb_gallery][\/et_pb_column][et_pb_column type=\u00a0\u00bb1_2&Prime; _builder_version=\u00a0\u00bb4.0.4&Prime; background_color=\u00a0\u00bb#f7f6f4&Prime; custom_padding=\u00a0\u00bb30px||30px|50px|true|false\u00a0\u00bb border_width_top=\u00a0\u00bb50px\u00a0\u00bb border_color_top=\u00a0\u00bb#ffffff\u00a0\u00bb border_width_bottom=\u00a0\u00bb50px\u00a0\u00bb border_color_bottom=\u00a0\u00bb#ffffff\u00a0\u00bb][et_pb_text _builder_version=\u00a0\u00bb4.0.4&Prime; text_font=\u00a0\u00bbMontserrat||||||||\u00a0\u00bb text_text_color=\u00a0\u00bb#7c8693&Prime; text_font_size=\u00a0\u00bb12pt\u00a0\u00bb text_line_height=\u00a0\u00bb20pt\u00a0\u00bb header_font=\u00a0\u00bbCOCHIN|300||on|||||\u00a0\u00bb header_text_color=\u00a0\u00bb#575e67&Prime; header_font_size=\u00a0\u00bb16pt\u00a0\u00bb header_letter_spacing=\u00a0\u00bb1px\u00a0\u00bb header_line_height=\u00a0\u00bb20pt\u00a0\u00bb width=\u00a0\u00bb69%\u00a0\u00bb custom_margin=\u00a0\u00bb||21px|0px||\u00a0\u00bb custom_padding=\u00a0\u00bb0px|||||\u00a0\u00bb]<\/p>\n<h1>Une salle de r\u00e9ception aux pieds de la sainte-victoire<\/h1>\n<p>[\/et_pb_text][et_pb_text _builder_version=\u00a0\u00bb4.0.4&Prime; text_font=\u00a0\u00bbMontserrat||||||||\u00a0\u00bb text_text_color=\u00a0\u00bb#7c8693&Prime; text_font_size=\u00a0\u00bb12pt\u00a0\u00bb text_line_height=\u00a0\u00bb20pt\u00a0\u00bb header_font=\u00a0\u00bbCOCHIN|300||on|||||\u00a0\u00bb header_text_color=\u00a0\u00bb#575e67&Prime; header_font_size=\u00a0\u00bb16pt\u00a0\u00bb header_letter_spacing=\u00a0\u00bb1px\u00a0\u00bb width=\u00a0\u00bb80%\u00a0\u00bb module_alignment=\u00a0\u00bbleft\u00a0\u00bb custom_margin=\u00a0\u00bb||-1px|0px||\u00a0\u00bb custom_padding=\u00a0\u00bb3px|||||\u00a0\u00bb]<\/p>\n<p>Le Domaine de Saint-Ser vous propose une salle de r\u00e9ception de 90<span>m\u00b2 avec sa terrasse \u00e0 la vue unique.<br \/> Location pour tout type d&rsquo;\u00e9v\u00e9nements : <em>r\u00e9unions, s\u00e9minaires, lancements de produit, \u00e9v\u00e9nements presse et bien d&rsquo;autres.<\/em><\/span><\/p>\n<p>[\/et_pb_text][et_pb_text _builder_version=\u00a0\u00bb4.0.4&Prime; text_font=\u00a0\u00bbMontserrat||||||||\u00a0\u00bb text_text_color=\u00a0\u00bb#7c8693&Prime; text_font_size=\u00a0\u00bb12pt\u00a0\u00bb text_line_height=\u00a0\u00bb20pt\u00a0\u00bb header_font=\u00a0\u00bbCOCHIN|300||on|||||\u00a0\u00bb header_text_color=\u00a0\u00bb#575e67&Prime; header_font_size=\u00a0\u00bb16pt\u00a0\u00bb header_letter_spacing=\u00a0\u00bb1px\u00a0\u00bb width=\u00a0\u00bb70%\u00a0\u00bb module_alignment=\u00a0\u00bbleft\u00a0\u00bb custom_margin=\u00a0\u00bb27px|||0px||\u00a0\u00bb custom_padding=\u00a0\u00bb4px|||||\u00a0\u00bb]<\/p>\n<ul>\n<li>Salle lou\u00e9e vide ou avec traiteur de votre choix.<\/li>\n<li>Possibilit\u00e9 d&rsquo;h\u00e9bergement proche.<\/li>\n<li>Equipements : Mobilier, \u00e9cran plasma, paper board&#8230;<\/li>\n<\/ul>\n<p>[\/et_pb_text][\/et_pb_column][\/et_pb_row][\/et_pb_section]<\/p>\n","protected":false},"excerpt":{"rendered":"<p>D\u00e9gustations au domainePour appr\u00e9cier le meilleur de notre terroir, rien de tel qu&rsquo;une d\u00e9gustation. D\u00e9couvrez les vins AOC C\u00f4tes de Provence Sainte-Victoire directement au Domaine Saint-Ser. Vous serez accompagn\u00e9 par notre \u00e9quipe, qui vous prodiguera de pr\u00e9cieux conseils de d\u00e9gustation et vous fera partager sa passion pour les vins naturels de terroir.du 1er Avril au [&hellip;]<\/p>\n","protected":false},"author":114,"featured_media":0,"parent":0,"menu_order":0,"comment_status":"closed","ping_status":"closed","template":"","meta":{"_et_pb_use_builder":"on","_et_pb_old_content":"<!-- wp:divi\/placeholder \/-->","_et_gb_content_width":"","footnotes":""},"class_list":["post-57","page","type-page","status-publish","hentry"],"jetpack_sharing_enabled":true,"_links":{"self":[{"href":"https:\/\/saint-ser.com\/en\/wp-json\/wp\/v2\/pages\/57","targetHints":{"allow":["GET"]}}],"collection":[{"href":"https:\/\/saint-ser.com\/en\/wp-json\/wp\/v2\/pages"}],"about":[{"href":"https:\/\/saint-ser.com\/en\/wp-json\/wp\/v2\/types\/page"}],"author":[{"embeddable":true,"href":"https:\/\/saint-ser.com\/en\/wp-json\/wp\/v2\/users\/114"}],"replies":[{"embeddable":true,"href":"https:\/\/saint-ser.com\/en\/wp-json\/wp\/v2\/comments?post=57"}],"version-history":[{"count":27,"href":"https:\/\/saint-ser.com\/en\/wp-json\/wp\/v2\/pages\/57\/revisions"}],"predecessor-version":[{"id":3596,"href":"https:\/\/saint-ser.com\/en\/wp-json\/wp\/v2\/pages\/57\/revisions\/3596"}],"wp:attachment":[{"href":"https:\/\/saint-ser.com\/en\/wp-json\/wp\/v2\/media?parent=57"}],"curies":[{"name":"wp","href":"https:\/\/api.w.org\/{rel}","templated":true}]}}